{"id":1497,"date":"2023-02-27T14:53:05","date_gmt":"2023-02-27T14:53:05","guid":{"rendered":"https:\/\/anservendeghazak.hu\/?page_id=1497"},"modified":"2023-03-08T08:02:38","modified_gmt":"2023-03-08T08:02:38","slug":"terfigyelorendszer","status":"publish","type":"page","link":"https:\/\/anservendeghazak.hu\/en\/terfigyelorendszer\/","title":{"rendered":""},"content":{"rendered":"<div data-elementor-type=\"wp-page\" data-elementor-id=\"1497\" class=\"elementor elementor-1497\">\n\t\t\t\t\t\t\t\t\t<section class=\"elementor-section elementor-top-section elementor-element elementor-element-2fcc588 elementor-section-boxed elementor-section-height-default elementor-section-height-default\" data-id=\"2fcc588\" data-element_type=\"section\">\n\t\t\t\t\t\t<div class=\"elementor-container elementor-column-gap-default\">\n\t\t\t\t\t<div class=\"elementor-column elementor-col-100 elementor-top-column elementor-element elementor-element-f563cc5\" data-id=\"f563cc5\" data-element_type=\"column\">\n\t\t\t<div class=\"elementor-widget-wrap elementor-element-populated\">\n\t\t\t\t\t\t\t\t<section class=\"elementor-section elementor-inner-section elementor-element elementor-element-dc78e4b elementor-section-boxed elementor-section-height-default elementor-section-height-default\" data-id=\"dc78e4b\" data-element_type=\"section\">\n\t\t\t\t\t\t<div class=\"elementor-container elementor-column-gap-default\">\n\t\t\t\t\t<div class=\"elementor-column elementor-col-50 elementor-inner-column elementor-element elementor-element-4525cf3\" data-id=\"4525cf3\" data-element_type=\"column\">\n\t\t\t<div class=\"elementor-widget-wrap elementor-element-populated\">\n\t\t\t\t\t\t\t\t<div class=\"elementor-element elementor-element-5f9d03f elementor-widget elementor-widget-text-editor\" data-id=\"5f9d03f\" data-element_type=\"widget\" data-widget_type=\"text-editor.default\">\n\t\t\t\t<div class=\"elementor-widget-container\">\n\t\t\t<style>\/*! elementor - v3.11.5 - 14-03-2023 *\/\n.elementor-widget-text-editor.elementor-drop-cap-view-stacked .elementor-drop-cap{background-color:#818a91;color:#fff}.elementor-widget-text-editor.elementor-drop-cap-view-framed .elementor-drop-cap{color:#818a91;border:3px solid;background-color:transparent}.elementor-widget-text-editor:not(.elementor-drop-cap-view-default) .elementor-drop-cap{margin-top:8px}.elementor-widget-text-editor:not(.elementor-drop-cap-view-default) .elementor-drop-cap-letter{width:1em;height:1em}.elementor-widget-text-editor .elementor-drop-cap{float:left;text-align:center;line-height:1;font-size:50px}.elementor-widget-text-editor .elementor-drop-cap-letter{display:inline-block}<\/style>\t\t\t\t<h1 style=\"font-weight: 400;\"><strong>AZ ANSER VEND\u00c9GH\u00c1ZAK TER\u00dcLET\u00c9N M\u0170K\u00d6DTETETT ELEKTRONIKUS T\u00c9RFIGYEL\u0150 RENDSZER ADATKEZEL\u00c9SI SZAB\u00c1LYZATA<\/strong><\/h1>\t\t\t\t\t\t<\/div>\n\t\t\t\t<\/div>\n\t\t\t\t\t<\/div>\n\t\t<\/div>\n\t\t\t\t<div class=\"elementor-column elementor-col-50 elementor-inner-column elementor-element elementor-element-1ed0bfb\" data-id=\"1ed0bfb\" data-element_type=\"column\">\n\t\t\t<div class=\"elementor-widget-wrap elementor-element-populated\">\n\t\t\t\t\t\t\t\t<div class=\"elementor-element elementor-element-3ba9ffd elementor-widget elementor-widget-image\" data-id=\"3ba9ffd\" data-element_type=\"widget\" data-widget_type=\"image.default\">\n\t\t\t\t<div class=\"elementor-widget-container\">\n\t\t\t<style>\/*! elementor - v3.11.5 - 14-03-2023 *\/\n.elementor-widget-image{text-align:center}.elementor-widget-image a{display:inline-block}.elementor-widget-image a img[src$=\".svg\"]{width:48px}.elementor-widget-image img{vertical-align:middle;display:inline-block}<\/style>\t\t\t\t\t\t\t\t\t\t\t\t<img loading=\"lazy\" decoding=\"async\" width=\"2048\" height=\"1717\" src=\"https:\/\/anservendeghazak.hu\/wp-content\/uploads\/2023\/03\/Nevtelen-terv-2048x1717.png\" class=\"attachment-2048x2048 size-2048x2048 wp-image-1662\" alt=\"\" srcset=\"https:\/\/anservendeghazak.hu\/wp-content\/uploads\/2023\/03\/Nevtelen-terv-2048x1717.png 2048w, https:\/\/anservendeghazak.hu\/wp-content\/uploads\/2023\/03\/Nevtelen-terv-300x251.png 300w, https:\/\/anservendeghazak.hu\/wp-content\/uploads\/2023\/03\/Nevtelen-terv-1024x858.png 1024w, https:\/\/anservendeghazak.hu\/wp-content\/uploads\/2023\/03\/Nevtelen-terv-768x644.png 768w, https:\/\/anservendeghazak.hu\/wp-content\/uploads\/2023\/03\/Nevtelen-terv-1536x1288.png 1536w, https:\/\/anservendeghazak.hu\/wp-content\/uploads\/2023\/03\/Nevtelen-terv-14x12.png 14w\" sizes=\"auto, (max-width: 2048px) 100vw, 2048px\" \/>\t\t\t\t\t\t\t\t\t\t\t\t\t\t\t<\/div>\n\t\t\t\t<\/div>\n\t\t\t\t\t<\/div>\n\t\t<\/div>\n\t\t\t\t\t\t\t<\/div>\n\t\t<\/section>\n\t\t\t\t\t<\/div>\n\t\t<\/div>\n\t\t\t\t\t\t\t<\/div>\n\t\t<\/section>\n\t\t\t\t<section class=\"elementor-section elementor-top-section elementor-element elementor-element-cfff65d elementor-section-boxed elementor-section-height-default elementor-section-height-default\" data-id=\"cfff65d\" data-element_type=\"section\">\n\t\t\t\t\t\t<div class=\"elementor-container elementor-column-gap-default\">\n\t\t\t\t\t<div class=\"elementor-column elementor-col-100 elementor-top-column elementor-element elementor-element-0f3dfc9\" data-id=\"0f3dfc9\" data-element_type=\"column\">\n\t\t\t<div class=\"elementor-widget-wrap elementor-element-populated\">\n\t\t\t\t\t\t\t\t<div class=\"elementor-element elementor-element-4eb12be elementor-widget elementor-widget-text-editor\" data-id=\"4eb12be\" data-element_type=\"widget\" data-widget_type=\"text-editor.default\">\n\t\t\t\t<div class=\"elementor-widget-container\">\n\t\t\t\t\t\t\t<ol><li><p><span style=\"text-decoration: underline;\"><strong>A KEZELT ADATOK K\u00d6RE<\/strong><\/span><\/p><\/li><\/ol><p style=\"font-weight: 400;\">A vend\u00e9gh\u00e1zak ter\u00fclet\u00e9n a bej\u00e1ratn\u00e1l, illetve a parkol\u00f3ra a mozg\u00e1s megfigyel\u00e9se elektronikus megfigyel\u00e9si rendszerrel t\u00f6rt\u00e9nik, melynek sor\u00e1n szem\u00e9lyes adatokat tartalmaz\u00f3 k\u00e9pfelv\u00e9telek k\u00e9sz\u00fclnek. A kamerarendszert a vend\u00e9gh\u00e1z m\u0171k\u00f6dteti.<\/p><ol start=\"2\"><li><strong><span style=\"text-decoration: underline;\">AZ ADATKEZEL\u00c9S C\u00c9LJA<\/span><\/strong><\/li><\/ol><p style=\"font-weight: 400;\">A megfigyel\u00e9s \u00e9s a k\u00e9pfelv\u00e9telek r\u00f6gz\u00edt\u00e9s\u00e9nek c\u00e9lja a vend\u00e9gh\u00e1z ter\u00fclet\u00e9n tart\u00f3zkod\u00f3 szem\u00e9lyek \u00e9let\u00e9nek, testi \u00e9ps\u00e9g\u00e9nek, valamint a vend\u00e9gh\u00e1z vagyont\u00e1rgyainak v\u00e9delme. Tov\u00e1bbi c\u00e9l a jogs\u00e9rt\u00e9sek megel\u0151z\u00e9se \u00e9s \u00e9szlel\u00e9se, az elk\u00f6vet\u0151 tetten\u00e9r\u00e9se, illetve a felv\u00e9telek bizony\u00edt\u00e9kk\u00e9nt t\u00f6rt\u00e9n\u0151 felhaszn\u00e1l\u00e1sa a hat\u00f3s\u00e1gi elj\u00e1r\u00e1sok keret\u00e9ben.<\/p><ol start=\"3\"><li style=\"font-weight: 400;\"><span style=\"text-decoration: underline;\">AZ ADATKEZEL\u00c9S JOGALAPJA<\/span><\/li><\/ol><p style=\"font-weight: 400;\">A vend\u00e9gh\u00e1z ter\u00fclet\u00e9n tart\u00f3zkod\u00f3 szem\u00e9lyek az elektronikus t\u00e9rfigyel\u0151 rendszerrel v\u00e9gzett adatkezel\u00e9sr\u0151l t\u00e1j\u00e9koztat\u00e1st kapnak. Az elektronikus t\u00e9rfigyel\u0151 rendszer alkalmaz\u00e1s\u00e1r\u00f3l a ter\u00fcleten megjelenni k\u00edv\u00e1n\u00f3 tov\u00e1bbi szem\u00e9lyek r\u00e9sz\u00e9re j\u00f3l l\u00e1that\u00f3 helyen, j\u00f3l olvashat\u00f3an, t\u00e1j\u00e9koz\u00f3d\u00e1st el\u0151seg\u00edt\u0151 m\u00f3don, ismertet\u0151t kell kihelyezni. Az elektronikus t\u00e9rfigyel\u0151 rendszer alkalmaz\u00e1s\u00e1hoz a vend\u00e9gh\u00e1z vend\u00e9gei vagy egy\u00e9b munkav\u00e9gz\u00e9s ell\u00e1t\u00e1s\u00e1ra ir\u00e1nyul\u00f3 jogviszonyban nem \u00e1ll\u00f3 szem\u00e9lyek hozz\u00e1j\u00e1rul\u00e1sa \u00f6nk\u00e9ntes, r\u00e1utal\u00f3 magatart\u00e1ssal t\u00f6rt\u00e9nik, akik a vend\u00e9gh\u00e1z ter\u00fclet\u00e9n tart\u00f3zkodnak elfogadj\u00e1k, hogy r\u00f3luk felv\u00e9telek k\u00e9sz\u00fclhetnek, \u00e9s azok a szab\u00e1lyzatban meghat\u00e1rozottak szerint felhaszn\u00e1lhat\u00f3ak.<\/p><ol start=\"4\"><li style=\"font-weight: 400;\"><span style=\"text-decoration: underline;\">AZ ADATKEZEL\u00c9S ID\u0150TARTAMA<\/span><\/li><\/ol><p style=\"font-weight: 400;\">A k\u00e9pfelv\u00e9teleket a vend\u00e9gh\u00e1zban l\u00e9v\u0151 k\u00f6zponti felvev\u0151 egys\u00e9gen 3 napig t\u00e1roljuk.<\/p><ol start=\"5\"><li style=\"font-weight: 400;\"><span style=\"text-decoration: underline;\">AZ ADATKEZEL\u00c9S JOGOSULTS\u00c1GI K\u00d6RE<\/span><\/li><\/ol><p style=\"font-weight: 400;\">A kamer\u00e1kkal folyamatosan sug\u00e1rzott k\u00e9pek megtekint\u00e9s\u00e9re kiz\u00e1r\u00f3lag a vend\u00e9gh\u00e1z \u00fczemeltet\u0151i jogosultak. A kamer\u00e1k \u00e1ltal k\u00e9sz\u00edtett \u00e9s t\u00e1rol\u00e1sra ker\u00fclt felv\u00e9teleket kiz\u00e1r\u00f3lag a vend\u00e9gh\u00e1z \u00fczemeltet\u0151i n\u00e9zhetik vissza. A kamer\u00e1k \u00e1ltal k\u00e9sz\u00edtett \u00e9s t\u00e1rol\u00e1sra ker\u00fclt felv\u00e9telekr\u0151l ment\u00e9st kiz\u00e1r\u00f3lag a vend\u00e9gh\u00e1z \u00fczemeltet\u0151i k\u00e9sz\u00edthetnek.<\/p><ol start=\"6\"><li style=\"font-weight: 400;\"><span style=\"text-decoration: underline;\">AZ ADATBIZTONS\u00c1GI INT\u00c9ZKED\u00c9SEK<\/span><\/li><\/ol><p style=\"font-weight: 400;\">6.1. A k\u00e9pfelv\u00e9telek megtekint\u00e9s\u00e9re \u00e9s visszan\u00e9z\u00e9s\u00e9re szolg\u00e1l\u00f3 monitor \u00fagy ker\u00fcl elhelyez\u00e9sre, hogy a k\u00e9pfelv\u00e9telek sug\u00e1rz\u00e1sa alatt azokat a jogosults\u00e1gi k\u00f6r\u00f6n k\u00edv\u00fcl m\u00e1s szem\u00e9ly ne l\u00e1thassa.<\/p><p style=\"font-weight: 400;\">6.2. A megfigyel\u00e9st \u00e9s a t\u00e1rolt k\u00e9pfelv\u00e9telek visszan\u00e9z\u00e9s\u00e9t kiz\u00e1r\u00f3lag a jogs\u00e9rt\u0151 cselekm\u00e9nyek kisz\u0171r\u00e9se, az azok megsz\u00fcntet\u00e9s\u00e9hez sz\u00fcks\u00e9ges int\u00e9zked\u00e9sek kezdem\u00e9nyez\u00e9se c\u00e9lj\u00e1b\u00f3l tehetik.\u00a0 A kamer\u00e1k \u00e1ltal sug\u00e1rzott k\u00e9pekr\u0151l a k\u00f6zponti felvev\u0151 egys\u00e9gen k\u00edv\u00fcl m\u00e1s eszk\u00f6zzel felv\u00e9telt k\u00e9sz\u00edteni nem lehet.<\/p><p style=\"font-weight: 400;\">6.3. A t\u00e1rolt k\u00e9pfelv\u00e9telekhez t\u00f6rt\u00e9n\u0151 hozz\u00e1f\u00e9r\u00e9s csak biztons\u00e1gos m\u00f3don, \u00e9s csak \u00fagy t\u00f6rt\u00e9nhet, hogy az adatkezel\u0151 szem\u00e9lye azonos\u00edthat\u00f3 legyen. A t\u00e1rolt k\u00e9pfelv\u00e9telek visszan\u00e9z\u00e9s\u00e9t \u00e9s a k\u00e9pfelv\u00e9telekr\u0151l k\u00e9sz\u00edtett ment\u00e9st dokument\u00e1lni kell. A jogosults\u00e1g indok\u00e1nak megsz\u0171n\u00e9se eset\u00e9n a t\u00e1rolt k\u00e9pfelv\u00e9telekhez t\u00f6rt\u00e9n\u0151 hozz\u00e1f\u00e9r\u00e9st halad\u00e9ktalanul meg kell sz\u00fcntetni.<\/p><p style=\"font-weight: 400;\">\u00a06.4. A r\u00f6gz\u00edt\u0151 k\u00e9sz\u00fcl\u00e9kben elk\u00fcl\u00f6n\u00edtett merevlemezr\u0151l fut az oper\u00e1ci\u00f3s rendszer, \u00e9s a r\u00f6gz\u00edt\u00e9sre ker\u00fclt felv\u00e9teleket is csak ezen a merevlemezen t\u00e1rolj\u00e1k. A felv\u00e9telekr\u0151l k\u00fcl\u00f6n biztons\u00e1gi m\u00e1solat nem k\u00e9sz\u00fcl.<\/p><p style=\"font-weight: 400;\">\u00a06.5. Jogs\u00e9rt\u0151 cselekm\u00e9ny \u00e9szlel\u00e9s\u00e9t k\u00f6vet\u0151en a sz\u00fcks\u00e9ges hat\u00f3s\u00e1gi elj\u00e1r\u00e1s halad\u00e9ktalan megkezd\u00e9s\u00e9r\u0151l \u00e9s a cselekm\u00e9nyr\u0151l k\u00e9sz\u00fclt felv\u00e9telek t\u00e1rol\u00e1s\u00e1r\u00f3l int\u00e9zkedni kell, egyben t\u00e1j\u00e9koztatni kell a hat\u00f3s\u00e1got, hogy a cselekm\u00e9nyr\u0151l k\u00e9pfelv\u00e9tel k\u00e9sz\u00fclt. Az adatok szolg\u00e1ltat\u00e1s\u00e1r\u00f3l k\u00fcl\u00f6n nyilv\u00e1ntart\u00e1st az adatv\u00e9delmi szab\u00e1lyzat szerinti formanyomtatv\u00e1nyon kell vezetni.<\/p><ol start=\"7\"><li style=\"font-weight: 400;\"><span style=\"text-decoration: underline;\">KAMER\u00c1K ELHELYEZ\u00c9SE<\/span><\/li><\/ol><p style=\"font-weight: 400;\">A vend\u00e9gh\u00e1z ter\u00fclet\u00e9n \u00f6sszesen 5 darab kamera tal\u00e1lhat\u00f3. Ebb\u0151l 4 db a 6 f\u0151s sz\u00e1ll\u00e1shely \u00e9p\u00fclet\u00e9n. A 6 f\u0151s sz\u00e1ll\u00e1shely \u00e9p\u00fclet\u00e9n elhelyezett kamer\u00e1k a S\u00e1rgapart \u00fat fel\u0151li kis \u00e9s nagy kapukat, illetve az udvart figyelik. A tov\u00e1bbi 1 db kamera a k\u00fclt\u00e9ri k\u00f6z\u00f6ss\u00e9gi t\u00e9r \u00e9p\u00fclt\u00e9n tal\u00e1lhat\u00f3, ez a kamera a Sarudi \u00fat fel\u0151li kaput figyeli.<\/p><ol start=\"8\"><li style=\"font-weight: 400;\"><span style=\"text-decoration: underline;\">AZ \u00c9RINTETTEK JOGAI<\/span><\/li><\/ol><p style=\"font-weight: 400;\">\u00a08.1. \u00c9rintett b\u00e1rmely meghat\u00e1rozott, szem\u00e9lyes adat alapj\u00e1n azonos\u00edtott vagy &#8211; k\u00f6zvetlen\u00fcl vagy k\u00f6zvetve &#8211; azonos\u00edthat\u00f3 term\u00e9szetes szem\u00e9ly (az inform\u00e1ci\u00f3s \u00f6nrendelkez\u00e9si jogr\u00f3l \u00e9s az inform\u00e1ci\u00f3szabads\u00e1gr\u00f3l sz\u00f3l\u00f3 2011. \u00e9vi CXII. t\u00f6rv\u00e9ny 3. \u00a7 1. pont).<\/p><p style=\"font-weight: 400;\">\u00a08.2. Akinek jog\u00e1t vagy jogos \u00e9rdek\u00e9t a k\u00e9pfelv\u00e9tel, illetve m\u00e1s szem\u00e9lyes adat\u00e1nak r\u00f6gz\u00edt\u00e9se \u00e9rinti, a k\u00e9pfelv\u00e9tel, illetve m\u00e1s szem\u00e9lyes adat r\u00f6gz\u00edt\u00e9s\u00e9t\u0151l sz\u00e1m\u00edtott h\u00e1rom napon bel\u00fcl jog\u00e1nak vagy jogos \u00e9rdek\u00e9nek igazol\u00e1s\u00e1val k\u00e9rheti, hogy az adat ne ker\u00fclj\u00f6n megsemmis\u00edt\u00e9sre, illetve t\u00f6rl\u00e9sre. B\u00edr\u00f3s\u00e1g vagy m\u00e1s hat\u00f3s\u00e1g megkeres\u00e9s\u00e9re a r\u00f6gz\u00edtett k\u00e9pfelv\u00e9telt, valamint m\u00e1s szem\u00e9lyes adatot a b\u00edr\u00f3s\u00e1gnak vagy a hat\u00f3s\u00e1gnak halad\u00e9ktalanul meg kell k\u00fcldeni. Amennyiben megkeres\u00e9sre a megsemmis\u00edt\u00e9s mell\u0151z\u00e9s\u00e9nek k\u00e9r\u00e9s\u00e9t\u0151l sz\u00e1m\u00edtott harminc napon bel\u00fcl nem ker\u00fcl sor, a r\u00f6gz\u00edtett k\u00e9pfelv\u00e9telt, valamint m\u00e1s szem\u00e9lyes adatot meg kell semmis\u00edteni, illetve t\u00f6r\u00f6lni kell. A k\u00e9relmet a vend\u00e9gh\u00e1z vezet\u0151j\u00e9nek kell beny\u00fajtani.<\/p><p style=\"font-weight: 400;\">8.3. Az \u00e9rintett k\u00e9relmezheti a vend\u00e9gh\u00e1zn\u00e1l a t\u00e1j\u00e9koztat\u00e1s\u00e1t szem\u00e9lyes adatai kezel\u00e9s\u00e9r\u0151l, b)szem\u00e9lyes adatainak helyesb\u00edt\u00e9s\u00e9t, valamint c) szem\u00e9lyes adatainak &#8211; a k\u00f6telez\u0151 adatkezel\u00e9s\u00a0 kiv\u00e9tel\u00e9vel &#8211; t\u00f6rl\u00e9s\u00e9t vagy z\u00e1rol\u00e1s\u00e1t.<\/p><p style=\"font-weight: 400;\">\u00a08.4. Az \u00e9rintett tiltakozhat szem\u00e9lyes adat\u00e1nak kezel\u00e9se ellen, a) ha a szem\u00e9lyes adatok kezel\u00e9se vagy tov\u00e1bb\u00edt\u00e1sa kiz\u00e1r\u00f3lag az adatkezel\u0151re\u00a0 vonatkoz\u00f3 jogi k\u00f6telezetts\u00e9g teljes\u00edt\u00e9s\u00e9hez vagy az adatkezel\u0151 , adat\u00e1tvev\u0151 vagy harmadik szem\u00e9ly jogos \u00e9rdek\u00e9nek \u00e9rv\u00e9nyes\u00edt\u00e9s\u00e9hez sz\u00fcks\u00e9ges, kiv\u00e9ve k\u00f6telez\u0151 adatkezel\u00e9s eset\u00e9n, b) ha a szem\u00e9lyes adatfelhaszn\u00e1l\u00e1sa vagy tov\u00e1bb\u00edt\u00e1sa k\u00f6zvetlen \u00fczletszerz\u00e9s, k\u00f6zv\u00e9lem\u00e9ny-kutat\u00e1s vagy tudom\u00e1nyos kutat\u00e1s c\u00e9lj\u00e1ra t\u00f6rt\u00e9nik, valamint c) t\u00f6rv\u00e9nyben meghat\u00e1rozott egy\u00e9b esetben. A tiltakoz\u00e1st a k\u00e9relem beny\u00fajt\u00e1s\u00e1t\u00f3l sz\u00e1m\u00edtott legr\u00f6videbb id\u0151n bel\u00fcl, de legfeljebb 15 napon bel\u00fcl a vend\u00e9gh\u00e1zvezet\u0151 megvizsg\u00e1lja, annak megalapozotts\u00e1ga k\u00e9rd\u00e9s\u00e9ben d\u00f6nt\u00e9st hoz, \u00e9s d\u00f6nt\u00e9s\u00e9r\u0151l a k\u00e9relmez\u0151t \u00edr\u00e1sban t\u00e1j\u00e9koztatja.<\/p><p style=\"font-weight: 400;\">\u00a08.5. Az \u00e9rintett a jogainak megs\u00e9rt\u00e9se eset\u00e9n az adatkezel\u0151 ellen b\u00edr\u00f3s\u00e1ghoz fordulhat. A b\u00edr\u00f3s\u00e1g az \u00fcgyben soron k\u00edv\u00fcl j\u00e1r el. Azt, hogy az adatkezel\u00e9s a jogszab\u00e1lyban foglaltaknak megfelel, az adatkezel\u0151 k\u00f6teles bizony\u00edtani.<\/p><p style=\"font-weight: 400;\">\u00a0Szerkezetbe foglalt szab\u00e1lyzat hat\u00e1lybal\u00e9p\u00e9se: 2023.03.01.<\/p>\t\t\t\t\t\t<\/div>\n\t\t\t\t<\/div>\n\t\t\t\t\t<\/div>\n\t\t<\/div>\n\t\t\t\t\t\t\t<\/div>\n\t\t<\/section>\n\t\t\t\t\t\t\t<\/div>","protected":false},"excerpt":{"rendered":"<p>AZ ANSER VEND\u00c9GH\u00c1ZAK TER\u00dcLET\u00c9N M\u0170K\u00d6DTETETT ELEKTRONIKUS T\u00c9RFIGYEL\u0150 RENDSZER ADATKEZEL\u00c9SI SZAB\u00c1LYZATA A KEZELT ADATOK K\u00d6RE A vend\u00e9gh\u00e1zak ter\u00fclet\u00e9n a bej\u00e1ratn\u00e1l, illetve a parkol\u00f3ra a mozg\u00e1s megfigyel\u00e9se elektronikus megfigyel\u00e9si rendszerrel t\u00f6rt\u00e9nik, melynek sor\u00e1n szem\u00e9lyes adatokat tartalmaz\u00f3 k\u00e9pfelv\u00e9telek k\u00e9sz\u00fclnek. A kamerarendszert a vend\u00e9gh\u00e1z m\u0171k\u00f6dteti. AZ ADATKEZEL\u00c9S C\u00c9LJA A megfigyel\u00e9s \u00e9s a k\u00e9pfelv\u00e9telek r\u00f6gz\u00edt\u00e9s\u00e9nek c\u00e9lja a vend\u00e9gh\u00e1z ter\u00fclet\u00e9n tart\u00f3zkod\u00f3 [&hellip;]<\/p>","protected":false},"author":1,"featured_media":0,"parent":0,"menu_order":0,"comment_status":"closed","ping_status":"closed","template":"","meta":{"footnotes":""},"class_list":["post-1497","page","type-page","status-publish","hentry"],"yoast_head":"<!-- This site is optimized with the Yoast SEO plugin v20.2.1 - https:\/\/yoast.com\/wordpress\/plugins\/seo\/ -->\n<title>Anser Vend\u00e9gh\u00e1zak - T\u00e9rfigyel\u0151 rendszer adatkezel\u00e9si szab\u00e1lyzata<\/title>\n<meta name=\"description\" content=\"Az Anser Vend\u00e9gh\u00e1zak ter\u00fclet\u00e9n m\u0171k\u00f6dtetett elektronikus t\u00e9rfigyel\u0151 rendszer adatkezel\u00e9si szab\u00e1lyzata.\" \/>\n<meta name=\"robots\" content=\"index, follow, max-snippet:-1, max-image-preview:large, max-video-preview:-1\" \/>\n<link rel=\"canonical\" href=\"https:\/\/anservendeghazak.hu\/en\/terfigyelorendszer\/\" \/>\n<meta property=\"og:locale\" content=\"en_GB\" \/>\n<meta property=\"og:type\" content=\"article\" \/>\n<meta property=\"og:title\" content=\"Anser Vend\u00e9gh\u00e1zak - T\u00e9rfigyel\u0151 rendszer adatkezel\u00e9si szab\u00e1lyzata\" \/>\n<meta property=\"og:description\" content=\"Az Anser Vend\u00e9gh\u00e1zak ter\u00fclet\u00e9n m\u0171k\u00f6dtetett elektronikus t\u00e9rfigyel\u0151 rendszer adatkezel\u00e9si szab\u00e1lyzata.\" \/>\n<meta property=\"og:url\" content=\"https:\/\/anservendeghazak.hu\/en\/terfigyelorendszer\/\" \/>\n<meta property=\"og:site_name\" content=\"Anser Vend\u00e9gh\u00e1zak\" \/>\n<meta property=\"article:publisher\" content=\"https:\/\/www.facebook.com\/anservendeghazak\" \/>\n<meta property=\"article:modified_time\" content=\"2023-03-08T08:02:38+00:00\" \/>\n<meta property=\"og:image\" content=\"https:\/\/anservendeghazak.hu\/wp-content\/uploads\/2023\/03\/Nevtelen-terv.png\" \/>\n\t<meta property=\"og:image:width\" content=\"2938\" \/>\n\t<meta property=\"og:image:height\" content=\"2463\" \/>\n\t<meta property=\"og:image:type\" content=\"image\/png\" \/>\n<meta name=\"twitter:card\" content=\"summary_large_image\" \/>\n<meta name=\"twitter:label1\" content=\"Estimated reading time\" \/>\n\t<meta name=\"twitter:data1\" content=\"5 minutes\" \/>\n<script type=\"application\/ld+json\" class=\"yoast-schema-graph\">{\"@context\":\"https:\/\/schema.org\",\"@graph\":[{\"@type\":\"WebPage\",\"@id\":\"https:\/\/anservendeghazak.hu\/terfigyelorendszer\/\",\"url\":\"https:\/\/anservendeghazak.hu\/terfigyelorendszer\/\",\"name\":\"Anser Vend\u00e9gh\u00e1zak - T\u00e9rfigyel\u0151 rendszer adatkezel\u00e9si szab\u00e1lyzata\",\"isPartOf\":{\"@id\":\"https:\/\/anservendeghazak.hu\/#website\"},\"datePublished\":\"2023-02-27T14:53:05+00:00\",\"dateModified\":\"2023-03-08T08:02:38+00:00\",\"description\":\"Az Anser Vend\u00e9gh\u00e1zak ter\u00fclet\u00e9n m\u0171k\u00f6dtetett elektronikus t\u00e9rfigyel\u0151 rendszer adatkezel\u00e9si szab\u00e1lyzata.\",\"inLanguage\":\"en-GB\",\"potentialAction\":[{\"@type\":\"ReadAction\",\"target\":[\"https:\/\/anservendeghazak.hu\/terfigyelorendszer\/\"]}]},{\"@type\":\"WebSite\",\"@id\":\"https:\/\/anservendeghazak.hu\/#website\",\"url\":\"https:\/\/anservendeghazak.hu\/\",\"name\":\"Anser Vend\u00e9gh\u00e1zak\",\"description\":\"Pr\u00e9mium vend\u00e9gh\u00e1z-komplexum a Tisza-t\u00f3 k\u00f6zel\u00e9ben\",\"publisher\":{\"@id\":\"https:\/\/anservendeghazak.hu\/#organization\"},\"potentialAction\":[{\"@type\":\"SearchAction\",\"target\":{\"@type\":\"EntryPoint\",\"urlTemplate\":\"https:\/\/anservendeghazak.hu\/?s={search_term_string}\"},\"query-input\":\"required name=search_term_string\"}],\"inLanguage\":\"en-GB\"},{\"@type\":\"Organization\",\"@id\":\"https:\/\/anservendeghazak.hu\/#organization\",\"name\":\"Anser Vend\u00e9gh\u00e1zak\",\"url\":\"https:\/\/anservendeghazak.hu\/\",\"logo\":{\"@type\":\"ImageObject\",\"inLanguage\":\"en-GB\",\"@id\":\"https:\/\/anservendeghazak.hu\/#\/schema\/logo\/image\/\",\"url\":\"https:\/\/anservendeghazak.hu\/wp-content\/uploads\/2022\/09\/logo.png\",\"contentUrl\":\"https:\/\/anservendeghazak.hu\/wp-content\/uploads\/2022\/09\/logo.png\",\"width\":1500,\"height\":1500,\"caption\":\"Anser Vend\u00e9gh\u00e1zak\"},\"image\":{\"@id\":\"https:\/\/anservendeghazak.hu\/#\/schema\/logo\/image\/\"},\"sameAs\":[\"https:\/\/www.facebook.com\/anservendeghazak\",\"https:\/\/www.instagram.com\/anservendeghazak\/\"]}]}<\/script>\n<!-- \/ Yoast SEO plugin. -->","yoast_head_json":{"title":"Anser Vend\u00e9gh\u00e1zak - T\u00e9rfigyel\u0151 rendszer adatkezel\u00e9si szab\u00e1lyzata","description":"Az Anser Vend\u00e9gh\u00e1zak ter\u00fclet\u00e9n m\u0171k\u00f6dtetett elektronikus t\u00e9rfigyel\u0151 rendszer adatkezel\u00e9si szab\u00e1lyzata.","robots":{"index":"index","follow":"follow","max-snippet":"max-snippet:-1","max-image-preview":"max-image-preview:large","max-video-preview":"max-video-preview:-1"},"canonical":"https:\/\/anservendeghazak.hu\/en\/terfigyelorendszer\/","og_locale":"en_GB","og_type":"article","og_title":"Anser Vend\u00e9gh\u00e1zak - T\u00e9rfigyel\u0151 rendszer adatkezel\u00e9si szab\u00e1lyzata","og_description":"Az Anser Vend\u00e9gh\u00e1zak ter\u00fclet\u00e9n m\u0171k\u00f6dtetett elektronikus t\u00e9rfigyel\u0151 rendszer adatkezel\u00e9si szab\u00e1lyzata.","og_url":"https:\/\/anservendeghazak.hu\/en\/terfigyelorendszer\/","og_site_name":"Anser Vend\u00e9gh\u00e1zak","article_publisher":"https:\/\/www.facebook.com\/anservendeghazak","article_modified_time":"2023-03-08T08:02:38+00:00","og_image":[{"width":2938,"height":2463,"url":"https:\/\/anservendeghazak.hu\/wp-content\/uploads\/2023\/03\/Nevtelen-terv.png","type":"image\/png"}],"twitter_card":"summary_large_image","twitter_misc":{"Estimated reading time":"5 minutes"},"schema":{"@context":"https:\/\/schema.org","@graph":[{"@type":"WebPage","@id":"https:\/\/anservendeghazak.hu\/terfigyelorendszer\/","url":"https:\/\/anservendeghazak.hu\/terfigyelorendszer\/","name":"Anser Vend\u00e9gh\u00e1zak - T\u00e9rfigyel\u0151 rendszer adatkezel\u00e9si szab\u00e1lyzata","isPartOf":{"@id":"https:\/\/anservendeghazak.hu\/#website"},"datePublished":"2023-02-27T14:53:05+00:00","dateModified":"2023-03-08T08:02:38+00:00","description":"Az Anser Vend\u00e9gh\u00e1zak ter\u00fclet\u00e9n m\u0171k\u00f6dtetett elektronikus t\u00e9rfigyel\u0151 rendszer adatkezel\u00e9si szab\u00e1lyzata.","inLanguage":"en-GB","potentialAction":[{"@type":"ReadAction","target":["https:\/\/anservendeghazak.hu\/terfigyelorendszer\/"]}]},{"@type":"WebSite","@id":"https:\/\/anservendeghazak.hu\/#website","url":"https:\/\/anservendeghazak.hu\/","name":"Anser Vend\u00e9gh\u00e1zak","description":"Pr\u00e9mium vend\u00e9gh\u00e1z-komplexum a Tisza-t\u00f3 k\u00f6zel\u00e9ben","publisher":{"@id":"https:\/\/anservendeghazak.hu\/#organization"},"potentialAction":[{"@type":"SearchAction","target":{"@type":"EntryPoint","urlTemplate":"https:\/\/anservendeghazak.hu\/?s={search_term_string}"},"query-input":"required name=search_term_string"}],"inLanguage":"en-GB"},{"@type":"Organization","@id":"https:\/\/anservendeghazak.hu\/#organization","name":"Anser Vend\u00e9gh\u00e1zak","url":"https:\/\/anservendeghazak.hu\/","logo":{"@type":"ImageObject","inLanguage":"en-GB","@id":"https:\/\/anservendeghazak.hu\/#\/schema\/logo\/image\/","url":"https:\/\/anservendeghazak.hu\/wp-content\/uploads\/2022\/09\/logo.png","contentUrl":"https:\/\/anservendeghazak.hu\/wp-content\/uploads\/2022\/09\/logo.png","width":1500,"height":1500,"caption":"Anser Vend\u00e9gh\u00e1zak"},"image":{"@id":"https:\/\/anservendeghazak.hu\/#\/schema\/logo\/image\/"},"sameAs":["https:\/\/www.facebook.com\/anservendeghazak","https:\/\/www.instagram.com\/anservendeghazak\/"]}]}},"_links":{"self":[{"href":"https:\/\/anservendeghazak.hu\/en\/wp-json\/wp\/v2\/pages\/1497","targetHints":{"allow":["GET"]}}],"collection":[{"href":"https:\/\/anservendeghazak.hu\/en\/wp-json\/wp\/v2\/pages"}],"about":[{"href":"https:\/\/anservendeghazak.hu\/en\/wp-json\/wp\/v2\/types\/page"}],"author":[{"embeddable":true,"href":"https:\/\/anservendeghazak.hu\/en\/wp-json\/wp\/v2\/users\/1"}],"replies":[{"embeddable":true,"href":"https:\/\/anservendeghazak.hu\/en\/wp-json\/wp\/v2\/comments?post=1497"}],"version-history":[{"count":11,"href":"https:\/\/anservendeghazak.hu\/en\/wp-json\/wp\/v2\/pages\/1497\/revisions"}],"predecessor-version":[{"id":1668,"href":"https:\/\/anservendeghazak.hu\/en\/wp-json\/wp\/v2\/pages\/1497\/revisions\/1668"}],"wp:attachment":[{"href":"https:\/\/anservendeghazak.hu\/en\/wp-json\/wp\/v2\/media?parent=1497"}],"curies":[{"name":"wp","href":"https:\/\/api.w.org\/{rel}","templated":true}]}}